{"id":101,"date":"2020-08-31T12:53:25","date_gmt":"2020-08-31T12:53:25","guid":{"rendered":"https:\/\/wizardstickers.li\/wordpress\/?page_id=101"},"modified":"2022-04-19T12:58:38","modified_gmt":"2022-04-19T12:58:38","slug":"101-2","status":"publish","type":"page","link":"https:\/\/wizardstickers.li\/index.php\/101-2\/","title":{"rendered":"patentierte KPD-Technologie"},"content":{"rendered":"\t\t<div data-elementor-type=\"wp-page\" data-elementor-id=\"101\" class=\"elementor elementor-101\" data-elementor-post-type=\"page\">\n\t\t\t\t\t\t<section class=\"elementor-section elementor-top-section elementor-element elementor-element-d7002f8 elementor-section-boxed elementor-section-height-default elementor-section-height-default\" data-id=\"d7002f8\" data-element_type=\"section\" data-e-type=\"section\">\n\t\t\t\t\t\t<div class=\"elementor-container elementor-column-gap-default\">\n\t\t\t\t\t<div class=\"elementor-column elementor-col-100 elementor-top-column elementor-element elementor-element-031f20f\" data-id=\"031f20f\" data-element_type=\"column\" data-e-type=\"column\">\n\t\t\t<div class=\"elementor-widget-wrap elementor-element-populated\">\n\t\t\t\t\t\t<div class=\"elementor-element elementor-element-777cb66 elementor-widget elementor-widget-heading\" data-id=\"777cb66\" data-element_type=\"widget\" data-e-type=\"widget\" data-widget_type=\"heading.default\">\n\t\t\t\t<div class=\"elementor-widget-container\">\n\t\t\t\t\t<h2 class=\"elementor-heading-title elementor-size-default\">Was sind eigentlich Wizard Stickers? <\/h2>\t\t\t\t<\/div>\n\t\t\t\t<\/div>\n\t\t\t\t<div class=\"elementor-element elementor-element-cd4413b elementor-widget elementor-widget-text-editor\" data-id=\"cd4413b\" data-element_type=\"widget\" data-e-type=\"widget\" data-widget_type=\"text-editor.default\">\n\t\t\t\t<div class=\"elementor-widget-container\">\n\t\t\t\t\t\t\t\t\t<p><span style=\"font-size: inherit; text-align: inherit;\">Ein Wizard Sticker ist ein materiebeeinflussender Chip, der sowohl eine Reduzierung von Schwingungen, als auch eine positive Beeinflussung von stro\u0308menden Medien bewirkt.\u00a0<\/span><span style=\"font-style: inherit; font-weight: inherit;\">WizardStickers bietet ein<\/span><span style=\"font-size: inherit; font-style: inherit; font-weight: inherit; text-align: inherit;\">\u00a0innovatives Optimierungssystem\u00a0<\/span><span style=\"font-size: inherit; font-style: inherit; font-weight: inherit; text-align: inherit;\">zur\u00a0<\/span><span style=\"font-size: inherit; font-style: inherit; font-weight: inherit; text-align: inherit;\">Eind\u00e4mmung von Schwingungen und st\u00f6renden Vibrationen.<br \/><\/span><span style=\"font-size: inherit; text-align: inherit; font-style: inherit; font-weight: inherit;\">Durch Aufbringen eines Wizard Stickers an schwingungsrelevanten Punkten werden Materialien in ihrem Schwingungsverhalten positiv beeinflusst. Bei einem mit Wizard Stickers beklebten Gegenstand sind h\u00f6here Kr\u00e4fte erforderlich, um das Material aus der Ruhe zu bringen, als bei einem gleichen nicht beklebten Gegenstand.<\/span><\/p><p><img decoding=\"async\" style=\"font-size: 1rem;\" src=\"https:\/\/wizardstickers.li\/wordpress\/wp-content\/uploads\/2021\/02\/patentamt-300x147.png\" alt=\"\" width=\"300\" height=\"147\" \/><img fetchpriority=\"high\" decoding=\"async\" style=\"font-style: inherit; font-weight: inherit;\" src=\"https:\/\/wizardstickers.li\/wordpress\/wp-content\/uploads\/2021\/02\/wizid-patent.png\" alt=\"\" width=\"1155\" height=\"648\" \/>\u00a0<\/p>\t\t\t\t\t\t\t\t<\/div>\n\t\t\t\t<\/div>\n\t\t\t\t<div class=\"elementor-element elementor-element-c7d372c elementor-widget elementor-widget-heading\" data-id=\"c7d372c\" data-element_type=\"widget\" data-e-type=\"widget\" data-widget_type=\"heading.default\">\n\t\t\t\t<div class=\"elementor-widget-container\">\n\t\t\t\t\t<h2 class=\"elementor-heading-title elementor-size-default\"><br>Wie funktionieren Wizard Stickers? <\/h2>\t\t\t\t<\/div>\n\t\t\t\t<\/div>\n\t\t\t\t<div class=\"elementor-element elementor-element-ee4ba6a elementor-widget elementor-widget-text-editor\" data-id=\"ee4ba6a\" data-element_type=\"widget\" data-e-type=\"widget\" data-widget_type=\"text-editor.default\">\n\t\t\t\t<div class=\"elementor-widget-container\">\n\t\t\t\t\t\t\t\t\t<p style=\"margin: 0cm; font-size: medium; font-family: Calibri, sans-serif; text-align: start;\"><span style=\"font-size: 13.5pt;\">Wizard Stickers sind Chips mit Klebefolie, welche je nach Anwendung mit unterschiedlichen in Kaskade geschalteten Kondensatoren und Schwingkreisen bestu\u0308ckt sind. Zwischen dem Chip und der Materie auf welchem er geklebt ist, entsteht ohne externe Stromversorgung eine elektromagnetische Wechselwirkung. Durch diese Beeinflussungen werden die elektrischen und mechanischen Eigenschaften der Materie vera\u0308ndert, und es findet eine Schwingungsreduktion durch Frequenzverschiebung bzw. eine Verbesserung des laminaren Flie\u00dfverhalten von Gasen und Flu\u0308ssigkeiten statt.<\/span><\/p><p style=\"margin: 0cm; font-size: medium; font-family: Calibri, sans-serif; text-align: start;\"><span style=\"font-size: 13.5pt;\">\u00a0<\/span><\/p><p style=\"margin-right: 0cm; margin-left: 0cm; font-size: medium; font-family: 'Times New Roman', serif; text-align: start;\"><span style=\"font-size: 13.5pt; font-family: Calibri, sans-serif;\">Wird ein Wizard Sticker mit den verschiedensten Materien in Kontakt gebracht, so entsteht durch die Kontaktpotenzialdifferenz (<strong>KPD<\/strong>) ein elektromagnetisches Feld, dass durch das Einbringen von thermischer, elektrischer aber auch mechanischer Energie eine zusa\u0308tzliche Dynamik erfa\u0308hrt. Die durch das Kontaktpotential bzw. durch Schwingungen erzeugte elektromagnetische Feld der schwingungsbelasteten Materie, stehen in einer elektromagnetischen Wechselwirkung zu denen auf dem Chip aufgebrachten Schwingkreisen. Ein Wizard Sticker beeinflusst somit die elektromagnetischen Felder der mechanisch\/schwingungsbeanspruchten Materie, und wirkt da\u0308mpfend auf dessen mechanische Eigenschaften und versteifen es. Als folge wird das Elastizita\u0308tsmodul erho\u0308ht und somit erfolgt auch eine Vera\u0308nderung\/Erho\u0308hung der Eigenfrequenz der Materie. Dies bedeutet<\/span><span style=\"font-family: Calibri, sans-serif; font-size: 13.5pt;\">, dass a\u0308hnlich einer Wirbelstrombremse\u00a0<\/span><span style=\"font-family: Calibri, sans-serif; font-size: 13.5pt;\">eine Schwingungsreduktion\/ Resonanzvermeidung und Schwingungsamplitudenreduzierung erzielt wird.<\/span><\/p><p style=\"margin: 0cm; font-size: medium; font-family: Calibri, sans-serif; text-align: start;\"><span style=\"font-size: 13.5pt;\">\u00a0<\/span><\/p>\t\t\t\t\t\t\t\t<\/div>\n\t\t\t\t<\/div>\n\t\t\t\t<div class=\"elementor-element elementor-element-06ecc2c elementor-widget elementor-widget-heading\" data-id=\"06ecc2c\" data-element_type=\"widget\" data-e-type=\"widget\" data-widget_type=\"heading.default\">\n\t\t\t\t<div class=\"elementor-widget-container\">\n\t\t\t\t\t<h2 class=\"elementor-heading-title elementor-size-default\">Wieso funktioniert das?<\/h2>\t\t\t\t<\/div>\n\t\t\t\t<\/div>\n\t\t\t\t<div class=\"elementor-element elementor-element-21ce1c5 elementor-widget elementor-widget-text-editor\" data-id=\"21ce1c5\" data-element_type=\"widget\" data-e-type=\"widget\" data-widget_type=\"text-editor.default\">\n\t\t\t\t<div class=\"elementor-widget-container\">\n\t\t\t\t\t\t\t\t\t<p style=\"margin: 0cm; font-size: medium; font-family: Calibri, sans-serif; text-align: start;\"><span style=\"font-size: 13.5pt;\">Materialien, wie Metall, Holz, Kunststoff, Keramik und sonstige Verbundwerkstoffe bestehen aus Atomen und Molek\u00fclen, die durch elektrische Kr\u00e4fte zusammengehalten werden. \u00a0Die elektrischen Anziehungskr\u00e4fte zwischen den negativ geladenen Elektronen und positiv geladenen Protonen bewirken den festen Zusammenhalt und damit die Festigkeit des Werkstoffs. Die Wirkung disere elektrischen Kr\u00e4fte wir in de Werkstoffkunde und Materialpr\u00fcfung durch z.B. Zugversuchen ermittelt. Die durch diese Versuche ermittelte Gr\u00f6sse wird Elastizit\u00e4tsmodul genannt. Ein Werkstoff ist elastisch, wenn er nach Aufhebung einer Belastung seine urspr\u00fcngliche Form wieder annimmt. Das Elastizit\u00e4tsmodul ist eine Materialkonstante, die von der jeweiligen Zusammensetzung des Materials und seiner Oberfl\u00e4chenbeschaffenheit abh\u00e4ngig ist. Das Elastizit\u00e4tsmodul, die Dichte und die Materiall\u00e4nge bestimmen die Eigenfrequenz des jeweiligen Materials.\u00a0<\/span><\/p><p style=\"margin: 0cm; font-size: medium; font-family: Calibri, sans-serif; text-align: start;\"><span style=\"font-size: 13.5pt;\">\u00a0<\/span><\/p><p style=\"margin: 0cm; font-size: medium; font-family: Calibri, sans-serif; text-align: start;\"><span style=\"font-size: 13.5pt;\">Eine weitere wichtige Materialkonstante ist die Elektronenaustrittsarbeit. Diese Gr\u00f6sse gibt an, welche Energie notwendig ist, um ein Elektron aus einem Material herauszul\u00f6sen. Bringt man Materialien mit unterschiedlichen Elektronenaustrittsarbeiten in Kontakt, so bildet sich eine Kontaktpotentialdifferenz. Diese stellt eine Spannung dar, die die Elektronen mit niedrigerer Elektronenaustrittsarbeit veranlasst, in das Material \u00fcberzugehen, welches eine h\u00f6here Elektronenaustrittsarbeit aufweist.\u00a0<\/span><\/p><p style=\"margin: 0cm; font-size: medium; font-family: Calibri, sans-serif; text-align: start;\"><span style=\"font-size: 13.5pt;\">\u00a0<\/span><\/p><p style=\"margin: 0cm; font-size: medium; font-family: Calibri, sans-serif; text-align: start;\"><span style=\"font-size: 13.5pt;\">Die Eigenfrequenz eines Materials ist also sowohl vom Elastizit\u00e4tsmodul als auch von der Dichte und L\u00e4nge des Materials abh\u00e4ngig. Durch einen Wizard Sticker wird nicht die Dichte bzw. das Gewicht des Materials ver\u00e4ndert, sondern das Elektrizit\u00e4tsmodul.<\/span><span style=\"font-size: 13.5pt;\">\u00a0<\/span><\/p><p style=\"margin: 0cm; font-size: medium; font-family: Calibri, sans-serif; text-align: start;\"><span style=\"font-style: inherit; font-weight: inherit; font-size: 13.5pt;\">\u00a0<\/span><span style=\"font-style: inherit; font-weight: inherit; font-size: 13.5pt;\">\u00a0<\/span><img decoding=\"async\" class=\"size-medium wp-image-681 aligncenter\" style=\"font-style: inherit; font-weight: inherit; font-family: Roboto, sans-serif; font-size: 1rem;\" src=\"https:\/\/wizardstickers.li\/wordpress\/wp-content\/uploads\/2021\/02\/franken-298x300.png\" alt=\"\" width=\"298\" height=\"300\" srcset=\"https:\/\/wizardstickers.li\/wp-content\/uploads\/2021\/02\/franken-298x300.png 298w, https:\/\/wizardstickers.li\/wp-content\/uploads\/2021\/02\/franken-150x150.png 150w, https:\/\/wizardstickers.li\/wp-content\/uploads\/2021\/02\/franken-100x100.png 100w, https:\/\/wizardstickers.li\/wp-content\/uploads\/2021\/02\/franken.png 504w\" sizes=\"(max-width: 298px) 100vw, 298px\" \/><\/p><p style=\"margin: 0cm; font-size: medium; font-family: Calibri, sans-serif; text-align: start;\"><span style=\"font-size: 13.5pt;\">\u00a0<\/span><\/p>\t\t\t\t\t\t\t\t<\/div>\n\t\t\t\t<\/div>\n\t\t\t\t<div class=\"elementor-element elementor-element-20525e4 elementor-widget elementor-widget-heading\" data-id=\"20525e4\" data-element_type=\"widget\" data-e-type=\"widget\" data-widget_type=\"heading.default\">\n\t\t\t\t<div class=\"elementor-widget-container\">\n\t\t\t\t\t<h2 class=\"elementor-heading-title elementor-size-default\">Wer kann Wizard Stickers nutzen?<\/h2>\t\t\t\t<\/div>\n\t\t\t\t<\/div>\n\t\t\t\t<div class=\"elementor-element elementor-element-2bf87ce elementor-widget elementor-widget-text-editor\" data-id=\"2bf87ce\" data-element_type=\"widget\" data-e-type=\"widget\" data-widget_type=\"text-editor.default\">\n\t\t\t\t<div class=\"elementor-widget-container\">\n\t\t\t\t\t\t\t\t\t<p style=\"margin: 0cm; font-size: medium; font-family: Calibri, sans-serif; text-align: start;\"><span style=\"font-size: 13.5pt;\">Wizard Stickers k\u00f6nnen auf Grund ihrer innovativen Technologie in nahezu allen Bereichen des Maschinen- und Anlagebaus, der Automobilindustrie sowie im Sport- und Enegiebereich als Optimierungssystem zur Wirkungsgradverbesserung eingesetzt werden. Durch die kostengu\u0308nstige Verklebung ergeben sich je nach Einsatzgebiet eine Schwingungsreduktion durch Frequenzverschiebung im Gegensatz zur Schwingungsreduktion durch Masse oder Da\u0308mpfung.\u00a0<\/span><\/p><p style=\"margin: 0cm; font-size: medium; font-family: Calibri, sans-serif; text-align: start;\"><span style=\"font-size: 13.5pt;\">\u00a0<\/span><\/p>\t\t\t\t\t\t\t\t<\/div>\n\t\t\t\t<\/div>\n\t\t\t\t<div class=\"elementor-element elementor-element-41ad1b1 elementor-widget elementor-widget-heading\" data-id=\"41ad1b1\" data-element_type=\"widget\" data-e-type=\"widget\" data-widget_type=\"heading.default\">\n\t\t\t\t<div class=\"elementor-widget-container\">\n\t\t\t\t\t<h2 class=\"elementor-heading-title elementor-size-default\">Hier gibt es weitere Informationen.<\/h2>\t\t\t\t<\/div>\n\t\t\t\t<\/div>\n\t\t\t\t<div class=\"elementor-element elementor-element-a7b6403 elementor-widget elementor-widget-text-editor\" data-id=\"a7b6403\" data-element_type=\"widget\" data-e-type=\"widget\" data-widget_type=\"text-editor.default\">\n\t\t\t\t<div class=\"elementor-widget-container\">\n\t\t\t\t\t\t\t\t\t<div><span style=\"font-family: Calibri, sans-serif; font-size: 13.5pt;\">&nbsp;<\/span><span style=\"font-family: Calibri, sans-serif; font-style: inherit; font-weight: inherit; font-size: 13.5pt;\">Weitere Informationen gibt es hier zum Download:<\/span><\/div>\t\t\t\t\t\t\t\t<\/div>\n\t\t\t\t<\/div>\n\t\t\t\t<div class=\"elementor-element elementor-element-c210b8f elementor-icon-list--layout-traditional elementor-list-item-link-full_width elementor-widget elementor-widget-icon-list\" data-id=\"c210b8f\" data-element_type=\"widget\" data-e-type=\"widget\" data-widget_type=\"icon-list.default\">\n\t\t\t\t<div class=\"elementor-widget-container\">\n\t\t\t\t\t\t\t<ul class=\"elementor-icon-list-items\">\n\t\t\t\t\t\t\t<li class=\"elementor-icon-list-item\">\n\t\t\t\t\t\t\t\t\t\t\t<a href=\"https:\/\/wizardstickers.li\/_old\/wp-content\/uploads\/2020\/05\/Laminare_Ver%C3%A4nderung_Kondensator_Chip_os_12.2019.pdf\">\n\n\t\t\t\t\t\t\t\t\t\t\t\t<span class=\"elementor-icon-list-icon\">\n\t\t\t\t\t\t\t<i aria-hidden=\"true\" class=\"fas fa-download\"><\/i>\t\t\t\t\t\t<\/span>\n\t\t\t\t\t\t\t\t\t\t<span class=\"elementor-icon-list-text\">Laminar change capacitor<\/span>\n\t\t\t\t\t\t\t\t\t\t\t<\/a>\n\t\t\t\t\t\t\t\t\t<\/li>\n\t\t\t\t\t\t\t\t<li class=\"elementor-icon-list-item\">\n\t\t\t\t\t\t\t\t\t\t\t<a href=\"https:\/\/wizardstickers.li\/_old\/wp-content\/uploads\/2020\/05\/Material_Ver%C3%A4nderung_Kondensator_Chip_os_12.2019.pdf\">\n\n\t\t\t\t\t\t\t\t\t\t\t\t<span class=\"elementor-icon-list-icon\">\n\t\t\t\t\t\t\t<i aria-hidden=\"true\" class=\"fas fa-download\"><\/i>\t\t\t\t\t\t<\/span>\n\t\t\t\t\t\t\t\t\t\t<span class=\"elementor-icon-list-text\">Material change condenser<\/span>\n\t\t\t\t\t\t\t\t\t\t\t<\/a>\n\t\t\t\t\t\t\t\t\t<\/li>\n\t\t\t\t\t\t\t\t<li class=\"elementor-icon-list-item\">\n\t\t\t\t\t\t\t\t\t\t\t<a href=\"https:\/\/wizardstickers.li\/_old\/wp-content\/uploads\/2020\/05\/W%C3%A4lzlager_Funktionsprinzip_Studie_Chip_os_07.12.2019.pdf\">\n\n\t\t\t\t\t\t\t\t\t\t\t\t<span class=\"elementor-icon-list-icon\">\n\t\t\t\t\t\t\t<i aria-hidden=\"true\" class=\"fas fa-download\"><\/i>\t\t\t\t\t\t<\/span>\n\t\t\t\t\t\t\t\t\t\t<span class=\"elementor-icon-list-text\">Rolling bearing Functional principle Study<\/span>\n\t\t\t\t\t\t\t\t\t\t\t<\/a>\n\t\t\t\t\t\t\t\t\t<\/li>\n\t\t\t\t\t\t\t\t<li class=\"elementor-icon-list-item\">\n\t\t\t\t\t\t\t\t\t\t\t<a href=\"https:\/\/wizardstickers.li\/_old\/wp-content\/uploads\/2020\/05\/Vibration_Bearbeitungsmaschinen_Kondensatorchips_os_03.2020.pdf\">\n\n\t\t\t\t\t\t\t\t\t\t\t\t<span class=\"elementor-icon-list-icon\">\n\t\t\t\t\t\t\t<i aria-hidden=\"true\" class=\"fas fa-download\"><\/i>\t\t\t\t\t\t<\/span>\n\t\t\t\t\t\t\t\t\t\t<span class=\"elementor-icon-list-text\">Vibration Machining Machines<\/span>\n\t\t\t\t\t\t\t\t\t\t\t<\/a>\n\t\t\t\t\t\t\t\t\t<\/li>\n\t\t\t\t\t\t\t\t<li class=\"elementor-icon-list-item\">\n\t\t\t\t\t\t\t\t\t\t\t<a href=\"https:\/\/wizardstickers.li\/_old\/wp-content\/uploads\/2020\/05\/Troy-Lee-Vibration-Measurement.pdf\">\n\n\t\t\t\t\t\t\t\t\t\t\t\t<span class=\"elementor-icon-list-icon\">\n\t\t\t\t\t\t\t<i aria-hidden=\"true\" class=\"fas fa-download\"><\/i>\t\t\t\t\t\t<\/span>\n\t\t\t\t\t\t\t\t\t\t<span class=\"elementor-icon-list-text\">Troy Lee Vibration Measurement<\/span>\n\t\t\t\t\t\t\t\t\t\t\t<\/a>\n\t\t\t\t\t\t\t\t\t<\/li>\n\t\t\t\t\t\t\t\t<li class=\"elementor-icon-list-item\">\n\t\t\t\t\t\t\t\t\t\t\t<a href=\"https:\/\/wizardstickers.li\/_old\/wp-content\/uploads\/2020\/06\/01-Vibraton-Messung-ENG.pdf\">\n\n\t\t\t\t\t\t\t\t\t\t\t\t<span class=\"elementor-icon-list-icon\">\n\t\t\t\t\t\t\t<i aria-hidden=\"true\" class=\"fas fa-download\"><\/i>\t\t\t\t\t\t<\/span>\n\t\t\t\t\t\t\t\t\t\t<span class=\"elementor-icon-list-text\">Vibration measurement<\/span>\n\t\t\t\t\t\t\t\t\t\t\t<\/a>\n\t\t\t\t\t\t\t\t\t<\/li>\n\t\t\t\t\t\t\t\t<li class=\"elementor-icon-list-item\">\n\t\t\t\t\t\t\t\t\t\t\t<a href=\"https:\/\/wizardstickers.li\/_old\/wp-content\/uploads\/2020\/06\/02-Schwingungsbeurteilung-Husqvarna.pdf\">\n\n\t\t\t\t\t\t\t\t\t\t\t\t<span class=\"elementor-icon-list-icon\">\n\t\t\t\t\t\t\t<i aria-hidden=\"true\" class=\"fas fa-download\"><\/i>\t\t\t\t\t\t<\/span>\n\t\t\t\t\t\t\t\t\t\t<span class=\"elementor-icon-list-text\">Vibration measurement Husqvarna<\/span>\n\t\t\t\t\t\t\t\t\t\t\t<\/a>\n\t\t\t\t\t\t\t\t\t<\/li>\n\t\t\t\t\t\t\t\t<li class=\"elementor-icon-list-item\">\n\t\t\t\t\t\t\t\t\t\t\t<a href=\"https:\/\/wizardstickers.li\/_old\/wp-content\/uploads\/2020\/06\/03-Messung-Husqvarna-ENG.pdf\">\n\n\t\t\t\t\t\t\t\t\t\t\t\t<span class=\"elementor-icon-list-icon\">\n\t\t\t\t\t\t\t<i aria-hidden=\"true\" class=\"fas fa-download\"><\/i>\t\t\t\t\t\t<\/span>\n\t\t\t\t\t\t\t\t\t\t<span class=\"elementor-icon-list-text\">Measurement-Husqvarna<\/span>\n\t\t\t\t\t\t\t\t\t\t\t<\/a>\n\t\t\t\t\t\t\t\t\t<\/li>\n\t\t\t\t\t\t<\/ul>\n\t\t\t\t\t\t<\/div>\n\t\t\t\t<\/div>\n\t\t\t\t\t<\/div>\n\t\t<\/div>\n\t\t\t\t\t<\/div>\n\t\t<\/section>\n\t\t\t\t<\/div>\n\t\t","protected":false},"excerpt":{"rendered":"<p>Was sind eigentlich Wizard Stickers? Ein Wizard Sticker ist ein materiebeeinflussender Chip, der sowohl eine Reduzierung von Schwingungen, als auch eine positive Beeinflussung von stro\u0308menden Medien bewirkt.\u00a0WizardStickers bietet ein\u00a0innovatives Optimierungssystem\u00a0zur\u00a0Eind\u00e4mmung von Schwingungen und st\u00f6renden Vibrationen.Durch Aufbringen eines Wizard Stickers an schwingungsrelevanten Punkten werden Materialien in ihrem Schwingungsverhalten positiv beeinflusst. Bei einem mit Wizard Stickers beklebten [&hellip;]<\/p>\n","protected":false},"author":1,"featured_media":0,"parent":0,"menu_order":0,"comment_status":"closed","ping_status":"closed","template":"","meta":{"content-type":"","site-sidebar-layout":"default","site-content-layout":"default","ast-site-content-layout":"default","site-content-style":"default","site-sidebar-style":"default","ast-global-header-display":"","ast-banner-title-visibility":"","ast-main-header-display":"","ast-hfb-above-header-display":"","ast-hfb-below-header-display":"","ast-hfb-mobile-header-display":"","site-post-title":"disabled","ast-breadcrumbs-content":"","ast-featured-img":"","footer-sml-layout":"","ast-disable-related-posts":"","theme-transparent-header-meta":"default","adv-header-id-meta":"","stick-header-meta":"","header-above-stick-meta":"","header-main-stick-meta":"","header-below-stick-meta":"","astra-migrate-meta-layouts":"default","ast-page-background-enabled":"default","ast-page-background-meta":{"desktop":{"background-color":"var(--ast-global-color-4)","background-image":"","background-repeat":"repeat","background-position":"center center","background-size":"auto","background-attachment":"scroll","background-type":"","background-media":"","overlay-type":"","overlay-color":"","overlay-opacity":"","overlay-gradient":""},"tablet":{"background-color":"","background-image":"","background-repeat":"repeat","background-position":"center center","background-size":"auto","background-attachment":"scroll","background-type":"","background-media":"","overlay-type":"","overlay-color":"","overlay-opacity":"","overlay-gradient":""},"mobile":{"background-color":"","background-image":"","background-repeat":"repeat","background-position":"center center","background-size":"auto","background-attachment":"scroll","background-type":"","background-media":"","overlay-type":"","overlay-color":"","overlay-opacity":"","overlay-gradient":""}},"ast-content-background-meta":{"desktop":{"background-color":"var(--ast-global-color-5)","background-image":"","background-repeat":"repeat","background-position":"center center","background-size":"auto","background-attachment":"scroll","background-type":"","background-media":"","overlay-type":"","overlay-color":"","overlay-opacity":"","overlay-gradient":""},"tablet":{"background-color":"var(--ast-global-color-5)","background-image":"","background-repeat":"repeat","background-position":"center center","background-size":"auto","background-attachment":"scroll","background-type":"","background-media":"","overlay-type":"","overlay-color":"","overlay-opacity":"","overlay-gradient":""},"mobile":{"background-color":"var(--ast-global-color-5)","background-image":"","background-repeat":"repeat","background-position":"center center","background-size":"auto","background-attachment":"scroll","background-type":"","background-media":"","overlay-type":"","overlay-color":"","overlay-opacity":"","overlay-gradient":""}},"footnotes":""},"class_list":["post-101","page","type-page","status-publish","hentry"],"_links":{"self":[{"href":"https:\/\/wizardstickers.li\/index.php\/wp-json\/wp\/v2\/pages\/101","targetHints":{"allow":["GET"]}}],"collection":[{"href":"https:\/\/wizardstickers.li\/index.php\/wp-json\/wp\/v2\/pages"}],"about":[{"href":"https:\/\/wizardstickers.li\/index.php\/wp-json\/wp\/v2\/types\/page"}],"author":[{"embeddable":true,"href":"https:\/\/wizardstickers.li\/index.php\/wp-json\/wp\/v2\/users\/1"}],"replies":[{"embeddable":true,"href":"https:\/\/wizardstickers.li\/index.php\/wp-json\/wp\/v2\/comments?post=101"}],"version-history":[{"count":102,"href":"https:\/\/wizardstickers.li\/index.php\/wp-json\/wp\/v2\/pages\/101\/revisions"}],"predecessor-version":[{"id":1236,"href":"https:\/\/wizardstickers.li\/index.php\/wp-json\/wp\/v2\/pages\/101\/revisions\/1236"}],"wp:attachment":[{"href":"https:\/\/wizardstickers.li\/index.php\/wp-json\/wp\/v2\/media?parent=101"}],"curies":[{"name":"wp","href":"https:\/\/api.w.org\/{rel}","templated":true}]}}